{"id":928,"date":"2020-09-23T14:12:48","date_gmt":"2020-09-23T12:12:48","guid":{"rendered":"http:\/\/lofa.dk\/?post_type=product&#038;p=928"},"modified":"2025-09-24T10:21:08","modified_gmt":"2025-09-24T08:21:08","slug":"jbo-ar-13hb-gf-svejsehjelm","status":"publish","type":"product","link":"https:\/\/jbo.dk\/en\/product\/jbo-ar-13hb-gf-svejsehjelm\/","title":{"rendered":"JBO <br>AR-13HB GF <br>Svejsehjelm"},"content":{"rendered":"<blockquote><p><strong>Med nedsl\u00e5et svejsehjelm kan man l\u00f8fte blikket og skue til svejsestedet gennem <a href=\"https:\/\/jbo.dk\/en\/product\/6600110\/\">sigteglasset<\/a>, som er placeret over <a href=\"https:\/\/jbo.dk\/en\/product\/400110\/\">svejseglasset<\/a>.<\/strong><\/p>\n<p><strong>N\u00e5r svejsningen startes, flyttes blikket fra sigteglasset til svejseglasset. <\/strong><\/p>\n<p><strong>Ved svejsningens start, vil skyggen p\u00e5 svejsehjelmens ramme s\u00f8rge for at bl\u00e6nde af for sigteglasset.<\/strong><\/p><\/blockquote>\n<p><em>OBS! Benyt altid <a href=\"https:\/\/jbo.dk\/en\/product\/400155-jbo-plexiglas-klar\/\">plexiglas<\/a> p\u00e5 begge sider af svejseglasset.<\/em><\/p>\n<p><strong style=\"font-size: 16px;\">GF <\/strong><span style=\"font-size: 16px;\">(Tecomid) er et st\u00e6rkt, slagfast og varmebestandigt materiale, som g\u00f8r hjelmen mere holdbar og velegnet til kr\u00e6vende opgaver med h\u00f8j varmeudvikling.<\/span><\/p>\n<p>Samtlige dele p\u00e5 svejsehjelmen er mulige at erstatte og skulle der forsvinde en del, har vi den med stor sikkerhed i kategorien <a href=\"https:\/\/jbo.dk\/en\/product-category\/svejsehjelm\/tilbehoer-svejsehjelm\/\">reservedele<\/a>.<\/p>\n<p>Alle dele p\u00e5 JBO svejsehjelme er sorterbare, hjelmen kan skilles ad og materialerne kan sorteres i hhv. h\u00e5rd plast, glas og metal.<\/p>","protected":false},"excerpt":{"rendered":"<p><strong>Svejsehjelm med <a href=\"https:\/\/jbo.dk\/en\/product\/7500140-ramme-med-skygge-60x110-mm\/\">fast ramme<\/a> inkl. <a href=\"https:\/\/jbo.dk\/en\/product\/400110\/\">svejseglas DIN 10<\/a> 60&#215;110 mm. &amp; <a href=\"https:\/\/jbo.dk\/en\/product\/6600110\/\">sigteglas DIN 3<\/a> 22&#215;108 mm.\u00a0<\/strong><\/p>\n<p><a href=\"https:\/\/jbo.dk\/en\/product\/7500160-hb-boejle\/\">Mounting for safety helmet (HB-System)<\/a><\/p>\n<p><strong><span style=\"color: #009759;\">JBO svejsehjelme er dansk design, alle svejsehjelme er produceret og samlet i Danmark\u00a0<\/span><\/strong><\/p>","protected":false},"featured_media":2097,"template":"","meta":{"_monsterinsights_skip_tracking":false,"_monsterinsights_sitenote_active":false,"_monsterinsights_sitenote_note":"","_monsterinsights_sitenote_category":0},"product_brand":[],"product_cat":[84,21],"product_tag":[74,77,82,75],"class_list":{"0":"post-928","1":"product","2":"type-product","3":"status-publish","4":"has-post-thumbnail","6":"product_cat-svejsehjelm","7":"product_cat-svejsehjelm-aandedraetsvaern","8":"product_tag-aandedraetsvaern","9":"product_tag-jbo","10":"product_tag-jbosvejsehjelm","11":"product_tag-svejsehjelm","13":"first","14":"instock","15":"shipping-taxable","16":"product-type-simple"},"_links":{"self":[{"href":"https:\/\/jbo.dk\/en\/wp-json\/wp\/v2\/product\/928","targetHints":{"allow":["GET"]}}],"collection":[{"href":"https:\/\/jbo.dk\/en\/wp-json\/wp\/v2\/product"}],"about":[{"href":"https:\/\/jbo.dk\/en\/wp-json\/wp\/v2\/types\/product"}],"wp:featuredmedia":[{"embeddable":true,"href":"https:\/\/jbo.dk\/en\/wp-json\/wp\/v2\/media\/2097"}],"wp:attachment":[{"href":"https:\/\/jbo.dk\/en\/wp-json\/wp\/v2\/media?parent=928"}],"wp:term":[{"taxonomy":"product_brand","embeddable":true,"href":"https:\/\/jbo.dk\/en\/wp-json\/wp\/v2\/product_brand?post=928"},{"taxonomy":"product_cat","embeddable":true,"href":"https:\/\/jbo.dk\/en\/wp-json\/wp\/v2\/product_cat?post=928"},{"taxonomy":"product_tag","embeddable":true,"href":"https:\/\/jbo.dk\/en\/wp-json\/wp\/v2\/product_tag?post=928"}],"curies":[{"name":"wp","href":"https:\/\/api.w.org\/{rel}","templated":true}]}}