{"id":901,"date":"2020-09-21T17:50:58","date_gmt":"2020-09-21T15:50:58","guid":{"rendered":"http:\/\/lofa.dk\/?post_type=product&#038;p=901"},"modified":"2025-06-17T10:24:49","modified_gmt":"2025-06-17T08:24:49","slug":"7500160-hb-boejle","status":"publish","type":"product","link":"https:\/\/jbo.dk\/en\/product\/7500160-hb-boejle\/","title":{"rendered":"JBO <br>HB <br>B\u00f8jle"},"content":{"rendered":"<blockquote><p><strong>Skiftes ved at afmontere m\u00f8trikkerne p\u00e5 siden, fjern fjedre og plastskiver<\/strong><\/p>\n<p><strong>F\u00f8r boltene p\u00e5 b\u00f8jlen igennem hullerne p\u00e5 svejsehjelmens <a href=\"https:\/\/jbo.dk\/en\/product\/7500167-oerer-for-jbo-svejsehjelm-lange\/\">\u00f8rer<\/a>, s\u00e6t plastskiver og fjedre p\u00e5 boltene, afslut med at skrue m\u00f8trikkerne p\u00e5<\/strong><\/p><\/blockquote>","protected":false},"excerpt":{"rendered":"<p><strong>B\u00f8jle til sikkerhedshjelm, passer til alle JBO svejsehjelme type HB<\/strong><\/p>\n<p>Inkl. <a href=\"https:\/\/jbo.dk\/en\/product\/7500180-spiralfjeder-stor\/\">stor spiralfjeder<\/a> og <a href=\"https:\/\/jbo.dk\/en\/product\/7500316-bespaendingssaet-til-hb-boejle\/\">besp\u00e6ndingss\u00e6t<\/a><\/p>","protected":false},"featured_media":2111,"template":"","meta":{"_monsterinsights_skip_tracking":false,"_monsterinsights_sitenote_active":false,"_monsterinsights_sitenote_note":"","_monsterinsights_sitenote_category":0},"product_brand":[],"product_cat":[101,22],"product_tag":[],"class_list":{"0":"post-901","1":"product","2":"type-product","3":"status-publish","4":"has-post-thumbnail","6":"product_cat-hovedboejle","7":"product_cat-tilbehoer-svejsehjelm","9":"first","10":"instock","11":"shipping-taxable","12":"product-type-simple"},"_links":{"self":[{"href":"https:\/\/jbo.dk\/en\/wp-json\/wp\/v2\/product\/901","targetHints":{"allow":["GET"]}}],"collection":[{"href":"https:\/\/jbo.dk\/en\/wp-json\/wp\/v2\/product"}],"about":[{"href":"https:\/\/jbo.dk\/en\/wp-json\/wp\/v2\/types\/product"}],"wp:featuredmedia":[{"embeddable":true,"href":"https:\/\/jbo.dk\/en\/wp-json\/wp\/v2\/media\/2111"}],"wp:attachment":[{"href":"https:\/\/jbo.dk\/en\/wp-json\/wp\/v2\/media?parent=901"}],"wp:term":[{"taxonomy":"product_brand","embeddable":true,"href":"https:\/\/jbo.dk\/en\/wp-json\/wp\/v2\/product_brand?post=901"},{"taxonomy":"product_cat","embeddable":true,"href":"https:\/\/jbo.dk\/en\/wp-json\/wp\/v2\/product_cat?post=901"},{"taxonomy":"product_tag","embeddable":true,"href":"https:\/\/jbo.dk\/en\/wp-json\/wp\/v2\/product_tag?post=901"}],"curies":[{"name":"wp","href":"https:\/\/api.w.org\/{rel}","templated":true}]}}