{"id":859,"date":"2020-09-21T14:43:40","date_gmt":"2020-09-21T12:43:40","guid":{"rendered":"http:\/\/lofa.dk\/?post_type=product&#038;p=859"},"modified":"2025-09-24T10:23:46","modified_gmt":"2025-09-24T08:23:46","slug":"jbo-hj-32h-pp-svejsehjelm","status":"publish","type":"product","link":"https:\/\/jbo.dk\/en\/product\/jbo-hj-32h-pp-svejsehjelm\/","title":{"rendered":"JBO <br>HJ-32H PP <br>Svejsehjelm"},"content":{"rendered":"<blockquote>\n<p style=\"font-weight: 400;\"><strong>Med nedsl\u00e5et svejsehjelm vippes forreste ramme op, i vipperuden sidder svejseglasset og svejsestedet vil da blive synligt, uden at der er behov for at rykke svejshjelmen op.<\/strong><\/p>\n<p style=\"font-weight: 400;\"><strong>Inden svejsningen startes klappes rammen ned igen.<\/strong><\/p>\n<\/blockquote>\n<p><em>OBS! Benyt altid slagfast plexiglas p\u00e5 begge sider af svejseglasset &#8211; bem\u00e6rk at modellen her har 2 forskellige st\u00f8rrelser <a href=\"https:\/\/jbo.dk\/en\/product\/400155-jbo-plexiglas-klar\/\">60&#215;110<\/a> og <a href=\"https:\/\/jbo.dk\/en\/product\/400160-jbo-plexiglas-klar\/\">64&#215;101<\/a>.<\/em><\/p>\n<p><em>Ekskl. sikkerhedshjelm<\/em><\/p>\n<p><strong>PP<\/strong> (Polypropylen) er et let materiale, som har en lavere varmeresistens og er mindre slagfast end tecomid, hvilket g\u00f8r den bedst egnet til lettere svejsearbejde eller kortere arbejdsintervaller.<\/p>\n<p>Samtlige dele p\u00e5 svejsehjelmen er mulige at erstatte og skulle der forsvinde en del, har vi den med stor sikkerhed i kategorien <a href=\"https:\/\/jbo.dk\/en\/product-category\/svejsehjelm\/tilbehoer-svejsehjelm\/\">reservedele<\/a>.<\/p>\n<p>Alle dele p\u00e5 JBO svejsehjelme er sorterbare, hjelmen kan skilles ad og materialerne kan sorteres i hhv. h\u00e5rd plast, glas og metal.<\/p>","protected":false},"excerpt":{"rendered":"<p><strong>Svejsehjelm med vipperude inkl. <a href=\"https:\/\/jbo.dk\/en\/product\/400110\/\">svejseglas DIN 10<\/a> 60&#215;110 mm., <a href=\"https:\/\/jbo.dk\/en\/product\/400155-jbo-plexiglas-klar\/\">slagfast plexiglas<\/a> 60&#215;110 mm. (vipperude) &amp; <a href=\"https:\/\/jbo.dk\/en\/product\/400160-jbo-plexiglas-klar\/\">slagfast plexiglas<\/a> 64&#215;101 mm. (ramme)<\/strong><\/p>\n<p><a href=\"https:\/\/jbo.dk\/en\/product\/7500450-tappesaet\/\">Tapmontage<\/a> til sikkerhedshjelm eller <a href=\"https:\/\/jbo.dk\/en\/product\/8200120-jbo-air-flow-overdel\/\">JBO Air-Flow \u00e5ndedr\u00e6tsv\u00e6rn<\/a><\/p>\n<p><strong><span style=\"color: #009759;\">JBO svejsehjelme er dansk design, alle svejsehjelme er produceret og samlet i Danmark\u00a0<\/span><\/strong><\/p>","protected":false},"featured_media":860,"template":"","meta":{"_monsterinsights_skip_tracking":false,"_monsterinsights_sitenote_active":false,"_monsterinsights_sitenote_note":"","_monsterinsights_sitenote_category":0},"product_brand":[],"product_cat":[84,21],"product_tag":[74,77,82,75],"class_list":{"0":"post-859","1":"product","2":"type-product","3":"status-publish","4":"has-post-thumbnail","6":"product_cat-svejsehjelm","7":"product_cat-svejsehjelm-aandedraetsvaern","8":"product_tag-aandedraetsvaern","9":"product_tag-jbo","10":"product_tag-jbosvejsehjelm","11":"product_tag-svejsehjelm","13":"first","14":"instock","15":"shipping-taxable","16":"product-type-simple"},"_links":{"self":[{"href":"https:\/\/jbo.dk\/en\/wp-json\/wp\/v2\/product\/859","targetHints":{"allow":["GET"]}}],"collection":[{"href":"https:\/\/jbo.dk\/en\/wp-json\/wp\/v2\/product"}],"about":[{"href":"https:\/\/jbo.dk\/en\/wp-json\/wp\/v2\/types\/product"}],"wp:featuredmedia":[{"embeddable":true,"href":"https:\/\/jbo.dk\/en\/wp-json\/wp\/v2\/media\/860"}],"wp:attachment":[{"href":"https:\/\/jbo.dk\/en\/wp-json\/wp\/v2\/media?parent=859"}],"wp:term":[{"taxonomy":"product_brand","embeddable":true,"href":"https:\/\/jbo.dk\/en\/wp-json\/wp\/v2\/product_brand?post=859"},{"taxonomy":"product_cat","embeddable":true,"href":"https:\/\/jbo.dk\/en\/wp-json\/wp\/v2\/product_cat?post=859"},{"taxonomy":"product_tag","embeddable":true,"href":"https:\/\/jbo.dk\/en\/wp-json\/wp\/v2\/product_tag?post=859"}],"curies":[{"name":"wp","href":"https:\/\/api.w.org\/{rel}","templated":true}]}}