{"id":1067,"date":"2020-09-30T11:03:34","date_gmt":"2020-09-30T09:03:34","guid":{"rendered":"http:\/\/lofa.dk\/?post_type=product&#038;p=1067"},"modified":"2025-09-23T11:10:15","modified_gmt":"2025-09-23T09:10:15","slug":"8700110-cab-2018-batteri","status":"publish","type":"product","link":"https:\/\/jbo.dk\/en\/product\/8700110-cab-2018-batteri\/","title":{"rendered":"CleanAIR <br>Batteri <br>t\/ Basic"},"content":{"rendered":"<p>Beskrivelse:<\/p>\n<ul>\n<li><\/li>\n<\/ul>\n<p>Downloads:<\/p>\n<ul>\n<li><a href=\"https:\/\/jbo.dk\/wp-content\/uploads\/2020\/09\/Datablad-8700100.pdf\">Datablad-Basic-8700100<\/a><\/li>\n<\/ul>\n<p>Specifikationer:<\/p>\n<p>V\u00e6gt:<\/p>\n<p>L\u00e6ngde: H\u00f8jde: Bredde:<\/p>\n<p>Drifttid batteri: 10 timer<\/p>\n<p>Opladning: 5 timer<\/p>\n<p>Li-on 14,4 V\/2,6 Ah<\/p>\n<p>Colli st\u00f8rrelse: 1 stk.<\/p>\n<p>Min. bestilling: 1 stk.<\/p>","protected":false},"excerpt":{"rendered":"<p>Beskrivelse: Downloads: Datablad-Basic-8700100 Specifikationer: V\u00e6gt: L\u00e6ngde: H\u00f8jde: Bredde: Drifttid batteri: 10 timer Opladning: 5 timer Li-on 14,4 V\/2,6 Ah Colli st\u00f8rrelse: 1 stk. Min. bestilling: 1 stk.<\/p>","protected":false},"featured_media":2208,"template":"","meta":{"_monsterinsights_skip_tracking":false,"_monsterinsights_sitenote_active":false,"_monsterinsights_sitenote_note":"","_monsterinsights_sitenote_category":0},"product_brand":[],"product_cat":[40],"product_tag":[],"class_list":{"0":"post-1067","1":"product","2":"type-product","3":"status-publish","4":"has-post-thumbnail","6":"product_cat-motordrevet-aandedraetsvaern","8":"first","9":"instock","10":"shipping-taxable","11":"product-type-simple"},"_links":{"self":[{"href":"https:\/\/jbo.dk\/en\/wp-json\/wp\/v2\/product\/1067","targetHints":{"allow":["GET"]}}],"collection":[{"href":"https:\/\/jbo.dk\/en\/wp-json\/wp\/v2\/product"}],"about":[{"href":"https:\/\/jbo.dk\/en\/wp-json\/wp\/v2\/types\/product"}],"wp:featuredmedia":[{"embeddable":true,"href":"https:\/\/jbo.dk\/en\/wp-json\/wp\/v2\/media\/2208"}],"wp:attachment":[{"href":"https:\/\/jbo.dk\/en\/wp-json\/wp\/v2\/media?parent=1067"}],"wp:term":[{"taxonomy":"product_brand","embeddable":true,"href":"https:\/\/jbo.dk\/en\/wp-json\/wp\/v2\/product_brand?post=1067"},{"taxonomy":"product_cat","embeddable":true,"href":"https:\/\/jbo.dk\/en\/wp-json\/wp\/v2\/product_cat?post=1067"},{"taxonomy":"product_tag","embeddable":true,"href":"https:\/\/jbo.dk\/en\/wp-json\/wp\/v2\/product_tag?post=1067"}],"curies":[{"name":"wp","href":"https:\/\/api.w.org\/{rel}","templated":true}]}}